{"id":4778,"date":"2025-08-06T09:36:39","date_gmt":"2025-08-06T13:36:39","guid":{"rendered":"https:\/\/jandahouse.com\/?page_id=4778"},"modified":"2025-08-06T09:46:06","modified_gmt":"2025-08-06T13:46:06","slug":"reviews","status":"publish","type":"page","link":"https:\/\/jandahouse.com\/it\/reviews\/","title":{"rendered":"Recensioni"},"content":{"rendered":"<div data-elementor-type=\"wp-page\" data-elementor-id=\"4778\" class=\"elementor elementor-4778\">\n\t\t\t\t\t\t<section class=\"elementor-section elementor-top-section elementor-element elementor-element-2068ef5 elementor-section-boxed elementor-section-height-default elementor-section-height-default wpr-particle-no wpr-jarallax-no wpr-parallax-no wpr-sticky-section-no\" data-id=\"2068ef5\" data-element_type=\"section\" data-e-type=\"section\">\n\t\t\t\t\t\t<div class=\"elementor-container elementor-column-gap-default\">\n\t\t\t\t\t<div class=\"elementor-column elementor-col-100 elementor-top-column elementor-element elementor-element-1d623df\" data-id=\"1d623df\" data-element_type=\"column\" data-e-type=\"column\">\n\t\t\t<div class=\"elementor-widget-wrap elementor-element-populated\">\n\t\t\t\t\t\t<div class=\"elementor-element elementor-element-ac1be03 elementor-widget elementor-widget-shortcode\" data-id=\"ac1be03\" data-element_type=\"widget\" data-e-type=\"widget\" data-widget_type=\"shortcode.default\">\n\t\t\t\t<div class=\"elementor-widget-container\">\n\t\t\t\t\t\t\t<div class=\"elementor-shortcode\"><div class=\"glsr glsr-bootstrap\" id=\"glsr_4631640f\" data-from=\"shortcode\" data-shortcode=\"site_reviews\" data-pagination=\"ajax\"><div class=\"glsr-reviews-wrap\">\n    <div class=\"glsr-reviews\">\n        <div class=\"glsr-review\" data-type=\"local\" id=\"review-5015\" data-assigned='[]'>\n    <div class=\"glsr-review-title\"><h4 class=\"glsr-tag-value\">Ottimo servizio<\/h4><\/div>\n    <div class=\"glsr-review-rating\"><div class=\"glsr-star-rating glsr-stars\" role=\"img\" aria-label=\"Rated 5 out of 5 stars\" data-rating=\"5\" data-reviews=\"0\"><span class=\"glsr-star glsr-star-full\" aria-hidden=\"true\"><\/span><span class=\"glsr-star glsr-star-full\" aria-hidden=\"true\"><\/span><span class=\"glsr-star glsr-star-full\" aria-hidden=\"true\"><\/span><span class=\"glsr-star glsr-star-full\" aria-hidden=\"true\"><\/span><span class=\"glsr-star glsr-star-full\" aria-hidden=\"true\"><\/span><\/div><\/div> <div class=\"glsr-review-date\"><span class=\"glsr-tag-value\">02\/10\/2026<\/span><\/div>\n    \n    <div class=\"glsr-review-content\"><div class=\"glsr-tag-value\" data-expanded=\"false\"><p><\/p><\/div><\/div>\n     <div class=\"glsr-review-author\"><span class=\"glsr-tag-value\">TestReviewer<\/span><\/div> \n    \n<\/div>\n<div class=\"glsr-review\" data-type=\"local\" id=\"review-4928\" data-assigned='[]'>\n    <div class=\"glsr-review-title\"><h4 class=\"glsr-tag-value\">Non credo esista posto migliore<\/h4><\/div>\n    <div class=\"glsr-review-rating\"><div class=\"glsr-star-rating glsr-stars\" role=\"img\" aria-label=\"Rated 5 out of 5 stars\" data-rating=\"5\" data-reviews=\"0\"><span class=\"glsr-star glsr-star-full\" aria-hidden=\"true\"><\/span><span class=\"glsr-star glsr-star-full\" aria-hidden=\"true\"><\/span><span class=\"glsr-star glsr-star-full\" aria-hidden=\"true\"><\/span><span class=\"glsr-star glsr-star-full\" aria-hidden=\"true\"><\/span><span class=\"glsr-star glsr-star-full\" aria-hidden=\"true\"><\/span><\/div><\/div> <div class=\"glsr-review-date\"><span class=\"glsr-tag-value\">09\/20\/2025<\/span><\/div>\n    \n    <div class=\"glsr-review-content\"><div class=\"glsr-tag-value\" data-expanded=\"false\"><p>Ho soggiornato presso Janda House e non mi aspettavo di trovare cos\u00ec tanta organizzazione disponibilit\u00e0 e pulizia.<\/p>\n<p>Raramente a Catania si trova un posto cos\u00ec organizzato.<\/p><\/div><\/div>\n     <div class=\"glsr-review-author\"><span class=\"glsr-tag-value\">Marica<\/span><\/div> \n    \n<\/div>\n<div class=\"glsr-review\" data-type=\"local\" id=\"review-4927\" data-assigned='[]'>\n    <div class=\"glsr-review-title\"><h4 class=\"glsr-tag-value\">Impeccabile<\/h4><\/div>\n    <div class=\"glsr-review-rating\"><div class=\"glsr-star-rating glsr-stars\" role=\"img\" aria-label=\"Rated 5 out of 5 stars\" data-rating=\"5\" data-reviews=\"0\"><span class=\"glsr-star glsr-star-full\" aria-hidden=\"true\"><\/span><span class=\"glsr-star glsr-star-full\" aria-hidden=\"true\"><\/span><span class=\"glsr-star glsr-star-full\" aria-hidden=\"true\"><\/span><span class=\"glsr-star glsr-star-full\" aria-hidden=\"true\"><\/span><span class=\"glsr-star glsr-star-full\" aria-hidden=\"true\"><\/span><\/div><\/div> <div class=\"glsr-review-date\"><span class=\"glsr-tag-value\">09\/20\/2025<\/span><\/div>\n    \n    <div class=\"glsr-review-content\"><div class=\"glsr-tag-value\" data-expanded=\"false\"><p class=\"glsr-hidden-text\" data-show-less=\"Show less\" data-show-more=\"Show more\" data-trigger=\"expand\">Ho avuto il piacere di soggiornare alla JandA House durante la mia visita a Catania e non posso che consigliarla vivamente! La casa \u00e8 accogliente, curata nei minimi dettagli e perfettamente pulita. Gli ambienti sono luminosi, ben arredati e dotati di tutti i comfort necessari per sentirsi subito a casa: aria condizionata, Wi-Fi veloce<span class=\"glsr-hidden\">, cucina attrezzata e letti molto comodi.<\/span><\/p>\n<p class=\"glsr-hidden\">La posizione \u00e8 strategica: in pochi minuti si raggiunge il centro storico, il mercato del pesce e le principali attrazioni della citt\u00e0. Inoltre, la zona \u00e8 tranquilla, ideale per riposare dopo aver visitato la citt\u00e0 o dopo il mare.<\/p>\n<p class=\"glsr-hidden\">Un grande valore aggiunto sono state le proprietarie: gentili, disponibili e attente ad ogni esigenza. Al nostro arrivo ci hanno accolto con cordialit\u00e0 e ci hanno dato ottimi consigli su cosa vedere, dove mangiare e come muoverci.<\/p>\n<p class=\"glsr-hidden\">Consiglierei JandA House a chiunque voglia scoprire le meraviglie di Catania soggiornando in un posto comodo, autentico e gestito con passione la differenza sta nei dettagli. Un&#039;esperienza da ripetere!<\/p><\/div><\/div>\n     <div class=\"glsr-review-author\"><span class=\"glsr-tag-value\">Erika<\/span><\/div> \n    \n<\/div>\n<div class=\"glsr-review\" data-type=\"local\" id=\"review-4926\" data-assigned='[]'>\n    <div class=\"glsr-review-title\"><h4 class=\"glsr-tag-value\">Esperienza indimenticabile<\/h4><\/div>\n    <div class=\"glsr-review-rating\"><div class=\"glsr-star-rating glsr-stars\" role=\"img\" aria-label=\"Rated 5 out of 5 stars\" data-rating=\"5\" data-reviews=\"0\"><span class=\"glsr-star glsr-star-full\" aria-hidden=\"true\"><\/span><span class=\"glsr-star glsr-star-full\" aria-hidden=\"true\"><\/span><span class=\"glsr-star glsr-star-full\" aria-hidden=\"true\"><\/span><span class=\"glsr-star glsr-star-full\" aria-hidden=\"true\"><\/span><span class=\"glsr-star glsr-star-full\" aria-hidden=\"true\"><\/span><\/div><\/div> <div class=\"glsr-review-date\"><span class=\"glsr-tag-value\">09\/19\/2025<\/span><\/div>\n    \n    <div class=\"glsr-review-content\"><div class=\"glsr-tag-value\" data-expanded=\"false\"><p>Semplicemente perfetta!<\/p>\n<p>Abbiamo soggiornato a JandA House per qualche giorno e non possiamo che consigliarla a chiunque voglia visitare Catania! La posizione \u00e8 ideale: a pochi minuti a piedi dal centro storico, ma in una zona tranquilla e ben servita.<\/p>\n<p class=\"glsr-hidden-text\" data-show-less=\"Show less\" data-show-more=\"Show more\" data-trigger=\"expand\">La casa \u00e8 moderna, pulitissima e arredata con gusto. Ogni dettaglio \u00e8 stato curato con att<span class=\"glsr-hidden\">enzione, dal comfort del letto alla cucina super accessoriata. Ci siamo sentiti subito a casa!<\/span><\/p>\n<p class=\"glsr-hidden\">Un grande grazie anche alle proprietarie, gentilissime e sempre disponibili per qualsiasi esigenza o consiglio sulla citt\u00e0.<\/p>\n<p class=\"glsr-hidden\">Un soggiorno davvero piacevole: torneremo sicuramente!<\/p><\/div><\/div>\n     <div class=\"glsr-review-author\"><span class=\"glsr-tag-value\">Gaia<\/span><\/div> \n    \n<\/div>\n<div class=\"glsr-review\" data-type=\"local\" id=\"review-4774\" data-assigned='[]'>\n    <div class=\"glsr-review-title\"><h4 class=\"glsr-tag-value\">Mi sono sentito a casa nel centro della storia<\/h4><\/div>\n    <div class=\"glsr-review-rating\"><div class=\"glsr-star-rating glsr-stars\" role=\"img\" aria-label=\"Rated 5 out of 5 stars\" data-rating=\"5\" data-reviews=\"0\"><span class=\"glsr-star glsr-star-full\" aria-hidden=\"true\"><\/span><span class=\"glsr-star glsr-star-full\" aria-hidden=\"true\"><\/span><span class=\"glsr-star glsr-star-full\" aria-hidden=\"true\"><\/span><span class=\"glsr-star glsr-star-full\" aria-hidden=\"true\"><\/span><span class=\"glsr-star glsr-star-full\" aria-hidden=\"true\"><\/span><\/div><\/div> <div class=\"glsr-review-date\"><span class=\"glsr-tag-value\">08\/06\/2025<\/span><\/div>\n    \n    <div class=\"glsr-review-content\"><div class=\"glsr-tag-value\" data-expanded=\"false\"><p class=\"glsr-hidden-text\" data-show-less=\"Show less\" data-show-more=\"Show more\" data-trigger=\"expand\">Che scoperta meravigliosa! Janda House \u00e8 in una posizione perfetta per chiunque voglia vivere il meglio di Catania. La camera, pulita, confortevole e accogliente, era fantastica, ma \u00e8 stata la genuina cordialit\u00e0 e gentilezza dei padroni di casa a rendere il nostro soggiorno indimenticabile. Hanno fatto di tutto per assicurarsi che ci divertissimo, offrendoci<span class=\"glsr-hidden\"> Consigli e suggerimenti che non si trovano in una guida turistica. Soggiornare qui \u00e8 stato pi\u00f9 come andare a trovare un amico che come un affitto. Non vediamo l&#039;ora di tornare!<\/span><\/p><\/div><\/div>\n     <div class=\"glsr-review-author\"><span class=\"glsr-tag-value\">Matt Johnson<\/span><\/div> \n    \n<\/div>\n    <\/div>\n    <div class=\"glsr-pagination glsr-ajax-pagination\" data-id=\"glsr_4631640f\" data-pagination=\"ajax\"><nav aria-label=\"Site Reviews navigation\" role=\"navigation\">\n    <ul class=\"pagination\">\n        <li class=\"page-item active\"><span class=\"page-link\" aria-current=\"page\" data-page=\"1\"><span class=\"meta-nav screen-reader-text\">Pagina <\/span>1<\/span><\/li>\n<li class=\"page-item\"><a class=\"page-link\" data-page=\"2\" href=\"https:\/\/jandahouse.com\/it\/reviews\/?reviews-page=2\"><span class=\"meta-nav screen-reader-text\">Pagina <\/span>2<\/a><\/li>\n<li class=\"page-item\"><a class=\"page-link\" data-page=\"2\" href=\"https:\/\/jandahouse.com\/it\/reviews\/?reviews-page=2\">Prossimo<\/a><\/li>\n    <\/ul>\n<\/nav><\/div>\n<\/div><\/div><\/div>\n\t\t\t\t\t\t<\/div>\n\t\t\t\t<\/div>\n\t\t\t\t<div class=\"elementor-element elementor-element-67d0cdc elementor-widget elementor-widget-spacer\" data-id=\"67d0cdc\" data-element_type=\"widget\" data-e-type=\"widget\" data-widget_type=\"spacer.default\">\n\t\t\t\t<div class=\"elementor-widget-container\">\n\t\t\t\t\t\t\t<div class=\"elementor-spacer\">\n\t\t\t<div class=\"elementor-spacer-inner\"><\/div>\n\t\t<\/div>\n\t\t\t\t\t\t<\/div>\n\t\t\t\t<\/div>\n\t\t\t\t\t<\/div>\n\t\t<\/div>\n\t\t\t\t\t<\/div>\n\t\t<\/section>\n\t\t\t\t<section class=\"elementor-section elementor-top-section elementor-element elementor-element-1b61b87 elementor-section-boxed elementor-section-height-default elementor-section-height-default wpr-particle-no wpr-jarallax-no wpr-parallax-no wpr-sticky-section-no\" data-id=\"1b61b87\" data-element_type=\"section\" data-e-type=\"section\" data-settings=\"{&quot;background_background&quot;:&quot;classic&quot;}\">\n\t\t\t\t\t\t<div class=\"elementor-container elementor-column-gap-default\">\n\t\t\t\t\t<div class=\"elementor-column elementor-col-100 elementor-top-column elementor-element elementor-element-c7343b2\" data-id=\"c7343b2\" data-element_type=\"column\" data-e-type=\"column\">\n\t\t\t<div class=\"elementor-widget-wrap elementor-element-populated\">\n\t\t\t\t\t\t<div class=\"elementor-element elementor-element-144c114 elementor-widget elementor-widget-spacer\" data-id=\"144c114\" data-element_type=\"widget\" data-e-type=\"widget\" data-widget_type=\"spacer.default\">\n\t\t\t\t<div class=\"elementor-widget-container\">\n\t\t\t\t\t\t\t<div class=\"elementor-spacer\">\n\t\t\t<div class=\"elementor-spacer-inner\"><\/div>\n\t\t<\/div>\n\t\t\t\t\t\t<\/div>\n\t\t\t\t<\/div>\n\t\t\t\t<div class=\"elementor-element elementor-element-e692b9e elementor-invisible elementor-widget elementor-widget-heading\" data-id=\"e692b9e\" data-element_type=\"widget\" data-e-type=\"widget\" data-settings=\"{&quot;_animation&quot;:&quot;fadeInUp&quot;}\" data-widget_type=\"heading.default\">\n\t\t\t\t<div class=\"elementor-widget-container\">\n\t\t\t\t\t<h2 class=\"elementor-heading-title elementor-size-default\">Lasciaci una recensione!<\/h2>\t\t\t\t<\/div>\n\t\t\t\t<\/div>\n\t\t\t\t<div class=\"elementor-element elementor-element-40d5b63 elementor-widget-divider--view-line elementor-widget elementor-widget-divider\" data-id=\"40d5b63\" data-element_type=\"widget\" data-e-type=\"widget\" data-widget_type=\"divider.default\">\n\t\t\t\t<div class=\"elementor-widget-container\">\n\t\t\t\t\t\t\t<div class=\"elementor-divider\">\n\t\t\t<span class=\"elementor-divider-separator\">\n\t\t\t\t\t\t<\/span>\n\t\t<\/div>\n\t\t\t\t\t\t<\/div>\n\t\t\t\t<\/div>\n\t\t\t\t<div class=\"elementor-element elementor-element-c6739d8 elementor-widget elementor-widget-shortcode\" data-id=\"c6739d8\" data-element_type=\"widget\" data-e-type=\"widget\" data-widget_type=\"shortcode.default\">\n\t\t\t\t<div class=\"elementor-widget-container\">\n\t\t\t\t\t\t\t<div class=\"elementor-shortcode\"><div class=\"glsr glsr-bootstrap\" id=\"glsr_3703bb92\" data-from=\"shortcode\" data-shortcode=\"site_reviews_form\"><div class=\"glsr-form-wrap\">\n    <form class=\"glsr-review-form glsr-form\" method=\"post\" enctype=\"multipart\/form-data\" action=\"\">\n        <input type=\"hidden\" name=\"site-reviews[_action]\" value=\"submit-review\" \/>\n<input type=\"hidden\" name=\"site-reviews[_nonce]\" value=\"cf64aabcfe\" \/>\n<input type=\"hidden\" name=\"site-reviews[_post_id]\" value=\"4778\" \/>\n<input type=\"hidden\" name=\"site-reviews[_referer]\" value=\"\" \/>\n<input type=\"hidden\" name=\"site-reviews[assigned_posts]\" value=\"\" \/>\n<input type=\"hidden\" name=\"site-reviews[assigned_terms]\" value=\"\" \/>\n<input type=\"hidden\" name=\"site-reviews[assigned_users]\" value=\"\" \/>\n<input type=\"hidden\" name=\"site-reviews[excluded]\" value=\"\" \/>\n<input type=\"hidden\" name=\"site-reviews[form_id]\" value=\"glsr_3703bb92\" \/>\n<input type=\"hidden\" name=\"site-reviews[terms_exist]\" value=\"1\" \/>\n<input type=\"hidden\" name=\"site-reviews[form_signature]\" value=\"Xy_y470UPlP2LOVjM2fKyvI-GzsV3h5d1RLaJ-arhescCVHCDynbZSyokB3g7Fyub0ziWkynFTkVCXZPFBtCgdA5WWrGqzdNa8KnXVqsdRpeHSV7HaR52zMXFJAHwx2bWR9iT4bXN826fY5Bf5fnvHncPcjwyr2q_NFa4xRp8xtaEDYX_HzlitDRyv8JBesX4Z70Q0YOQFHU0fY_jnMW8NCnmPSa1Q6qBtTLGyXN7oV7_IUlExSD7NlavDuXAeVtHGqMEtue2V0XamP1xLxk4zUIrbl9E0HS84yuph2Y_CWkzN1euAVeIb7B2-OdqLjSqQ5FaIBErYl_IHytAEhOCULIAuMirZMALdkW2LzRKXIhvxqOr5qzq_VCPSeIkP86Gzt5TEIdVbtQzLJZfCLxhA3oI6M\" \/>\n<div class=\"glsr-field form-group\" style=\"display:none;\"><label for=\"site-reviews-e9684a76-glsr_3703bb92\">Your review<\/label><input type=\"text\" class=\"glsr-input glsr-input-text\" id=\"site-reviews-e9684a76-glsr_3703bb92\" name=\"site-reviews[e9684a76]\" value=\"\" \/><\/div>\n<div class=\"glsr-field form-group glsr-field-rating glsr-required\" data-field=\"rating\">\n    <label class=\"glsr-label form-label\" for=\"glsr_3703bb92-rating\">\n    <span>Your overall rating<\/span>\n<\/label>\n    <select class=\"form-select browser-default disable-select no_wrap no-wrap glsr-select\" id=\"glsr_3703bb92-rating\" name=\"site-reviews[rating]\" required><option value=\"\">Seleziona una valutazione<\/option><option value=\"5\">5 Stars<\/option><option value=\"4\">4 Stars<\/option><option value=\"3\">3 Stars<\/option><option value=\"2\">2 Stars<\/option><option value=\"1\">1 Star<\/option><\/select>\n    <div class=\"glsr-field-error invalid-feedback\"><\/div>\n<\/div>\n<div class=\"glsr-field form-group glsr-field-text glsr-required\" data-field=\"title\">\n    <label class=\"glsr-label form-label\" for=\"glsr_3703bb92-title\">\n    <span>Title of your review<\/span>\n<\/label>\n    <input type=\"text\" class=\"form-control glsr-input glsr-input-text\" id=\"glsr_3703bb92-title\" name=\"site-reviews[title]\" required placeholder=\"Summarize your review or highlight an interesting detail\" value=\"\" \/>\n    <div class=\"glsr-field-error invalid-feedback\"><\/div>\n<\/div>\n<div class=\"glsr-field form-group glsr-field-textarea glsr-required\" data-field=\"content\">\n    <label class=\"glsr-label form-label\" for=\"glsr_3703bb92-content\">\n    <span>Your review<\/span>\n<\/label>\n    <textarea class=\"form-control glsr-textarea\" id=\"glsr_3703bb92-content\" name=\"site-reviews[content]\" required placeholder=\"Tell people your review\" rows=\"5\"><\/textarea>\n    <div class=\"glsr-field-error invalid-feedback\"><\/div>\n<\/div>\n<div class=\"glsr-field form-group glsr-field-text glsr-required\" data-field=\"name\">\n    <label class=\"glsr-label form-label\" for=\"glsr_3703bb92-name\">\n    <span>Your name<\/span>\n<\/label>\n    <input type=\"text\" class=\"form-control glsr-input glsr-input-text\" id=\"glsr_3703bb92-name\" name=\"site-reviews[name]\" required placeholder=\"Tell us your name\" value=\"\" \/>\n    <div class=\"glsr-field-error invalid-feedback\"><\/div>\n<\/div>\n<div class=\"glsr-field form-group glsr-field-email glsr-required\" data-field=\"email\">\n    <label class=\"glsr-label form-label\" for=\"glsr_3703bb92-email\">\n    <span>Your email<\/span>\n<\/label>\n    <input type=\"email\" class=\"form-control glsr-input glsr-input-email\" id=\"glsr_3703bb92-email\" name=\"site-reviews[email]\" required placeholder=\"Tell us your email\" value=\"\" \/>\n    <div class=\"glsr-field-error invalid-feedback\"><\/div>\n<\/div>\n<div class=\"glsr-field form-group glsr-field-choice glsr-required\" data-field=\"terms\">\n    \n    <div class=\"form-check form-switch glsr-field-toggle\">\n    <input type=\"checkbox\" class=\"form-check-input glsr-input-toggle\" id=\"glsr_3703bb92-terms-1\" name=\"site-reviews[terms]\" required value=\"1\" \/>\n    <label class=\"form-check-label\" for=\"glsr_3703bb92-terms-1\">This review is based on my own experience and is my genuine opinion.<\/label>\n<\/div>\n    <div class=\"glsr-field-error invalid-feedback\"><\/div>\n<\/div>\n        <div class=\"glsr-form-message alert\">\n    \n<\/div>\n        <div data-field=\"submit-button\">\n    <div class=\"wp-block-buttons is-layout-flex\">\n        <div class=\"wp-block-button\">\n            <button type=\"submit\" class=\"glsr-button wp-block-button__link wp-element-button btn btn-primary\" aria-busy=\"false\" data-loading=\"Submitting, please wait...\">Submit Review<\/button>\n        <\/div>\n    <\/div>\n<\/div>\n    <input type=\"hidden\" name=\"trp-form-language\" value=\"it\"\/><\/form>\n<\/div><\/div><\/div>\n\t\t\t\t\t\t<\/div>\n\t\t\t\t<\/div>\n\t\t\t\t\t<\/div>\n\t\t<\/div>\n\t\t\t\t\t<\/div>\n\t\t<\/section>\n\t\t\t\t<\/div>","protected":false},"excerpt":{"rendered":"<p>Lasciaci una recensione!<\/p>","protected":false},"author":20,"featured_media":0,"parent":0,"menu_order":0,"comment_status":"closed","ping_status":"closed","template":"","meta":{"_glsr_average":0,"_glsr_ranking":0,"_glsr_reviews":0,"footnotes":""},"class_list":["post-4778","page","type-page","status-publish","hentry"],"_links":{"self":[{"href":"https:\/\/jandahouse.com\/it\/wp-json\/wp\/v2\/pages\/4778","targetHints":{"allow":["GET"]}}],"collection":[{"href":"https:\/\/jandahouse.com\/it\/wp-json\/wp\/v2\/pages"}],"about":[{"href":"https:\/\/jandahouse.com\/it\/wp-json\/wp\/v2\/types\/page"}],"author":[{"embeddable":true,"href":"https:\/\/jandahouse.com\/it\/wp-json\/wp\/v2\/users\/20"}],"replies":[{"embeddable":true,"href":"https:\/\/jandahouse.com\/it\/wp-json\/wp\/v2\/comments?post=4778"}],"version-history":[{"count":25,"href":"https:\/\/jandahouse.com\/it\/wp-json\/wp\/v2\/pages\/4778\/revisions"}],"predecessor-version":[{"id":4805,"href":"https:\/\/jandahouse.com\/it\/wp-json\/wp\/v2\/pages\/4778\/revisions\/4805"}],"wp:attachment":[{"href":"https:\/\/jandahouse.com\/it\/wp-json\/wp\/v2\/media?parent=4778"}],"curies":[{"name":"wp","href":"https:\/\/api.w.org\/{rel}","templated":true}]}}